{"id":744,"date":"2025-07-28T15:27:55","date_gmt":"2025-07-28T13:27:55","guid":{"rendered":"https:\/\/lagrangechampex.ch\/contacto\/"},"modified":"2025-10-15T08:19:34","modified_gmt":"2025-10-15T06:19:34","slug":"contacto","status":"publish","type":"page","link":"https:\/\/lagrangechampex.ch\/es\/contacto\/","title":{"rendered":"Contacto"},"content":{"rendered":"<div class=\"wpb-content-wrapper\"><p>[vc_row][vc_column]<div class=\"dfd-spacer-module\"  data-units=\"px\" data-wide_resolution=\"1280\" data-wide_size=\"125\" data-normal_resolution=\"1024\" data-normal_size=\"80\" data-tablet_resolution=\"800\" data-tablet_size=\"50\" data-mobile_resolution=\"480\" data-mobile_size=\"25\" style=\"height: 125px;\"><\/div>[\/vc_column][\/vc_row][vc_row][vc_column width=\u00bb7\/12&#8243;]<div class=\"dfd-heading-shortcode\"><div class=\"dfd-heading-module-wrap  text-left style_01 dfd-heading-69de9dae5e001 dfd-disable-resposive-headings\" id=\"dfd-heading-69de9dae5e001\" ><div class=\"inline-block\"><div class=\"dfd-heading-module\"><h2 class=\"widget-title dfd-title \" style=\"\">B&amp;B La Grange<\/h2><\/div><\/div><\/div><script type=\"text\/javascript\">\r\n\t\t\t\t\t\t\t\t\t(function($) {\r\n\t\t\t\t\t\t\t\t\t\t$(\"head\").append(\"<style>.dfd-heading-69de9dae5e001.dfd-heading-module-wrap .dfd-heading-module .dfd-heading-delimiter {margin-top:10px;margin-bottom:10px;}<\/style>\");\r\n\t\t\t\t\t\t\t\t\t})(jQuery);\r\n\t\t\t\t\t\t\t\t<\/script><\/div><div class=\"dfd-spacer-module\"  data-units=\"px\" data-wide_resolution=\"1280\" data-wide_size=\"20\" data-normal_resolution=\"1024\" data-normal_size=\"20\" data-tablet_resolution=\"800\" data-tablet_size=\"20\" data-mobile_resolution=\"480\" data-mobile_size=\"20\" style=\"height: 20px;\"><\/div>[vc_column_text css=\u00bb\u00bb]<strong>Daniel<\/strong>, originario de la zona, y Delphine le dan la bienvenida a este chalet que ha pasado de generaci\u00f3n en generaci\u00f3n durante tres generaciones. Nuestro apego a la regi\u00f3n y nuestro esp\u00edritu acogedor hacen que cada estancia sea una experiencia aut\u00e9ntica y calurosa.[\/vc_column_text]<div class=\"dfd-spacer-module\"  data-units=\"px\" data-wide_resolution=\"1280\" data-wide_size=\"20\" data-normal_resolution=\"1024\" data-normal_size=\"20\" data-tablet_resolution=\"800\" data-tablet_size=\"20\" data-mobile_resolution=\"480\" data-mobile_size=\"20\" style=\"height: 20px;\"><\/div><div class=\"dfd-spacer-module\"  data-units=\"px\" data-wide_resolution=\"1280\" data-wide_size=\"20\" data-normal_resolution=\"1024\" data-normal_size=\"20\" data-tablet_resolution=\"800\" data-tablet_size=\"20\" data-mobile_resolution=\"480\" data-mobile_size=\"20\" style=\"height: 20px;\"><\/div><div id=\"idinfobox69de9dae5e285\" class=\"dfd-info-box clearfix style-01 layout-04  idinfobox69de9dae5e285\" ><div class=\"dfd-animate-container\"><div class=\"icon-wrapper\"><div class=\"module-icon\" style=\"border-radius:px;font-size:30px;\"><div class=\"hover-layer\" ><\/div><i class=\"featured-icon dfd-icon-phone dfd_icon_set-icon-phone\" style=\"font-size:25px; color:#78635a; opacity:1;\" ><\/i><\/div><\/div><div class=\"content-wrap ovh\"><div class=\"info-box-title feature-title\" style=\"\">Tel\u00e9fono<\/div><div class=\"description\" style=\"\"><a href=\"tel:0041799164933\">+41 79 916 49 33<\/a><\/div><\/div><\/div><\/div><div class=\"dfd-spacer-module\"  data-units=\"px\" data-wide_resolution=\"1280\" data-wide_size=\"20\" data-normal_resolution=\"1024\" data-normal_size=\"20\" data-tablet_resolution=\"800\" data-tablet_size=\"10\" data-mobile_resolution=\"480\" data-mobile_size=\"10\" style=\"height: 20px;\"><\/div><div id=\"idinfobox69de9dae5e37d\" class=\"dfd-info-box clearfix style-01 layout-04  idinfobox69de9dae5e37d\" ><div class=\"dfd-animate-container\"><div class=\"icon-wrapper\"><div class=\"module-icon\" style=\"border-radius:px;font-size:30px;\"><div class=\"hover-layer\" ><\/div><i class=\"featured-icon dfd-icon-phone dfd_icon_set-icon-phone\" style=\"font-size:25px; color:#78635a; opacity:1;\" ><\/i><\/div><\/div><div class=\"content-wrap ovh\"><div class=\"info-box-title feature-title\" style=\"\">Tel\u00e9fono<\/div><div class=\"description\" style=\"\"><a href=\"tel:0041763426880\">+41 76 342 68 80<\/a><\/div><\/div><\/div><\/div><div class=\"dfd-spacer-module\"  data-units=\"px\" data-wide_resolution=\"1280\" data-wide_size=\"20\" data-normal_resolution=\"1024\" data-normal_size=\"20\" data-tablet_resolution=\"800\" data-tablet_size=\"10\" data-mobile_resolution=\"480\" data-mobile_size=\"10\" style=\"height: 20px;\"><\/div><div id=\"idinfobox69de9dae5e44b\" class=\"dfd-info-box clearfix style-01 layout-04  idinfobox69de9dae5e44b\" ><div class=\"dfd-animate-container\"><div class=\"icon-wrapper\"><div class=\"module-icon\" style=\"border-radius:px;font-size:30px;\"><div class=\"hover-layer\" ><\/div><i class=\"featured-icon dfd-icon-email_1 dfd_icon_set-icon-email_1\" style=\"font-size:25px; color:#78635a; opacity:1;\" ><\/i><\/div><\/div><div class=\"content-wrap ovh\"><div class=\"info-box-title feature-title\" style=\"\">E-Mail<\/div><div class=\"description\" style=\"\"><a style=\"font-size: 14px;\" href=\"mailto:info@lagrangechampex.ch\">info@lagrangechampex.ch<\/a><\/div><\/div><\/div><\/div><div class=\"dfd-spacer-module\"  data-units=\"px\" data-wide_resolution=\"1280\" data-wide_size=\"20\" data-normal_resolution=\"1024\" data-normal_size=\"20\" data-tablet_resolution=\"800\" data-tablet_size=\"10\" data-mobile_resolution=\"480\" data-mobile_size=\"10\" style=\"height: 20px;\"><\/div><div id=\"idinfobox69de9dae5e530\" class=\"dfd-info-box clearfix style-01 layout-04  idinfobox69de9dae5e530\" ><div class=\"dfd-animate-container\"><div class=\"icon-wrapper\"><div class=\"module-icon\" style=\"border-radius:px;font-size:30px;\"><div class=\"hover-layer\" ><\/div><i class=\"featured-icon dfd-icon-map_marker dfd_icon_set-icon-map_marker\" style=\"font-size:25px; color:#78635a; opacity:1;\" ><\/i><\/div><\/div><div class=\"content-wrap ovh\"><div class=\"info-box-title feature-title\" style=\"\">Direcci\u00f3n<\/div><div class=\"description\" style=\"\">Route du Vallon 4<br \/>\n1938 Champex d\u2019en Haut<br \/>\nSuiza<\/div><\/div><\/div><\/div><div class=\"dfd-spacer-module\"  data-units=\"px\" data-wide_resolution=\"1280\" data-wide_size=\"\" data-normal_resolution=\"1024\" data-normal_size=\"\" data-tablet_resolution=\"800\" data-tablet_size=\"\" data-mobile_resolution=\"480\" data-mobile_size=\"60\" style=\"height: px;\"><\/div>[\/vc_column][vc_column width=\u00bb1\/12&#8243;][\/vc_column][vc_column width=\u00bb4\/12&#8243;]<div id=\"dfd-single-image-module69de9dae5ea74-6684\" class=\"dfd-single-image-module  image-center \" ><img loading=\"lazy\" decoding=\"async\" src=\"https:\/\/lagrangechampex.ch\/wp-content\/uploads\/2025\/08\/daniel.jpg\" width=\"600\" height=\"800\"  alt=\"Image module\" \/><script type=\"text\/javascript\">(function($) {$(\"head\").append(\"<style>#dfd-single-image-module69de9dae5ea74-6684 {border-radius: 8px;}<\/style>\");})(jQuery);<\/script><\/div>[\/vc_column][\/vc_row][vc_row][vc_column]<div class=\"dfd-spacer-module\"  data-units=\"px\" data-wide_resolution=\"1280\" data-wide_size=\"100\" data-normal_resolution=\"1024\" data-normal_size=\"75\" data-tablet_resolution=\"800\" data-tablet_size=\"50\" data-mobile_resolution=\"480\" data-mobile_size=\"50\" style=\"height: 100px;\"><\/div>[\/vc_column][\/vc_row][vc_row css=\u00bb.vc_custom_1753712652574{background-color: #FFFAF0 !important;}\u00bb][vc_column]<div class=\"dfd-spacer-module\"  data-units=\"px\" data-wide_resolution=\"1280\" data-wide_size=\"100\" data-normal_resolution=\"1024\" data-normal_size=\"75\" data-tablet_resolution=\"800\" data-tablet_size=\"75\" data-mobile_resolution=\"480\" data-mobile_size=\"50\" style=\"height: 100px;\"><\/div>[\/vc_column][\/vc_row][vc_row css=\u00bb.vc_custom_1755611528466{background-color: #FFFAF0 !important;}\u00bb][vc_column width=\u00bb7\/12&#8243;]<div class=\"dfd-heading-shortcode\"><div class=\"dfd-heading-module-wrap  text-left style_01 dfd-heading-69de9dae5ec4c dfd-disable-resposive-headings\" id=\"dfd-heading-69de9dae5ec4c\" ><div class=\"inline-block\"><div class=\"dfd-heading-module\"><h2 class=\"widget-title dfd-title \" style=\"\">Acceso<\/h2><\/div><\/div><\/div><script type=\"text\/javascript\">\r\n\t\t\t\t\t\t\t\t\t(function($) {\r\n\t\t\t\t\t\t\t\t\t\t$(\"head\").append(\"<style>.dfd-heading-69de9dae5ec4c.dfd-heading-module-wrap .dfd-heading-module .dfd-heading-delimiter {margin-top:10px;margin-bottom:10px;}<\/style>\");\r\n\t\t\t\t\t\t\t\t\t})(jQuery);\r\n\t\t\t\t\t\t\t\t<\/script><\/div><div class=\"dfd-spacer-module\"  data-units=\"px\" data-wide_resolution=\"1280\" data-wide_size=\"20\" data-normal_resolution=\"1024\" data-normal_size=\"20\" data-tablet_resolution=\"800\" data-tablet_size=\"10\" data-mobile_resolution=\"480\" data-mobile_size=\"10\" style=\"height: 20px;\"><\/div>[vc_column_text css=\u00bb\u00bb]El B&amp;B se encuentra en el valle de Champex, en Suiza, a 30 minutos a pie del lago de Champex.[\/vc_column_text]<div class=\"dfd-spacer-module\"  data-units=\"px\" data-wide_resolution=\"1280\" data-wide_size=\"20\" data-normal_resolution=\"1024\" data-normal_size=\"20\" data-tablet_resolution=\"800\" data-tablet_size=\"10\" data-mobile_resolution=\"480\" data-mobile_size=\"10\" style=\"height: 20px;\"><\/div>[vc_column_text css=\u00bb\u00bb]<strong>En coche<\/strong><br \/>\nSe puede llegar a Champex-Lac por carretera desde Martigny (20 km) o desde Orsi\u00e8res (12 km). Hay un aparcamiento disponible cerca del chalet.<\/p>\n<p><strong>En transporte p\u00fablico:<\/strong><br \/>\nDesde Martigny, tome el tren regional hasta Orsi\u00e8res y, a continuaci\u00f3n, el autob\u00fas postal directo a Champex-Lac.[\/vc_column_text]<div class=\"dfd-spacer-module\"  data-units=\"px\" data-wide_resolution=\"1280\" data-wide_size=\"20\" data-normal_resolution=\"1024\" data-normal_size=\"20\" data-tablet_resolution=\"800\" data-tablet_size=\"10\" data-mobile_resolution=\"480\" data-mobile_size=\"10\" style=\"height: 20px;\"><\/div><div id=\"dfd-button-gradient69de9dae5ef25-826\" class=\"dfd-button-gradient-module-wrap\"><div class=\"dfd-button-module  style-2 normal text-left\" ><a href=\"https:\/\/maps.app.goo.gl\/fcuN2kCKyCjJFE296\" target=\"_blank\"  class=\"dfd-button-link  dfd-fade\"><span class=\"dfd-button-inner-cover\"><span class=\"dfd-button-text-main\" style=\"\">Ver en el mapa<\/span><span class=\"dfd-button-border\"><\/span><\/span><\/a><\/div><\/div><div class=\"dfd-spacer-module\"  data-units=\"px\" data-wide_resolution=\"1280\" data-wide_size=\"\" data-normal_resolution=\"1024\" data-normal_size=\"\" data-tablet_resolution=\"800\" data-tablet_size=\"\" data-mobile_resolution=\"480\" data-mobile_size=\"40\" style=\"height: px;\"><\/div>[\/vc_column][vc_column width=\u00bb1\/12&#8243;][\/vc_column][vc_column width=\u00bb4\/12&#8243;]<div class=\"dfd-heading-shortcode\"><div class=\"dfd-heading-module-wrap  text-left style_01 dfd-heading-69de9dae5f066 dfd-disable-resposive-headings\" id=\"dfd-heading-69de9dae5f066\" ><div class=\"inline-block\"><div class=\"dfd-heading-module\"><h2 class=\"widget-title dfd-title \" style=\"\">Escr\u00edbanos<\/h2><\/div><\/div><\/div><script type=\"text\/javascript\">\r\n\t\t\t\t\t\t\t\t\t(function($) {\r\n\t\t\t\t\t\t\t\t\t\t$(\"head\").append(\"<style>.dfd-heading-69de9dae5f066.dfd-heading-module-wrap .dfd-heading-module .dfd-heading-delimiter {margin-top:10px;margin-bottom:10px;}<\/style>\");\r\n\t\t\t\t\t\t\t\t\t})(jQuery);\r\n\t\t\t\t\t\t\t\t<\/script><\/div><div class=\"dfd-spacer-module\"  data-units=\"px\" data-wide_resolution=\"1280\" data-wide_size=\"20\" data-normal_resolution=\"1024\" data-normal_size=\"20\" data-tablet_resolution=\"800\" data-tablet_size=\"10\" data-mobile_resolution=\"480\" data-mobile_size=\"10\" style=\"height: 20px;\"><\/div>\n<div class=\"wpcf7 no-js\" id=\"wpcf7-f774-o1\" lang=\"es-ES\" dir=\"ltr\" data-wpcf7-id=\"774\">\n<div class=\"screen-reader-response\"><p role=\"status\" aria-live=\"polite\" aria-atomic=\"true\"><\/p> <ul><\/ul><\/div>\n<form action=\"\/es\/wp-json\/wp\/v2\/pages\/744#wpcf7-f774-o1\" method=\"post\" class=\"wpcf7-form init\" aria-label=\"Formulario de contacto\" novalidate=\"novalidate\" data-status=\"init\">\n<fieldset class=\"hidden-fields-container\"><input type=\"hidden\" name=\"_wpcf7\" value=\"774\" \/><input type=\"hidden\" name=\"_wpcf7_version\" value=\"6.1.5\" \/><input type=\"hidden\" name=\"_wpcf7_locale\" value=\"es_ES\" \/><input type=\"hidden\" name=\"_wpcf7_unit_tag\" value=\"wpcf7-f774-o1\" \/><input type=\"hidden\" name=\"_wpcf7_container_post\" value=\"0\" \/><input type=\"hidden\" name=\"_wpcf7_posted_data_hash\" value=\"\" \/><input type=\"hidden\" name=\"_wpcf7_recaptcha_response\" value=\"\" \/>\n<\/fieldset>\n<p><label> Su nombre<br \/>\n<span class=\"wpcf7-form-control-wrap\" data-name=\"your-name\"><input size=\"40\" maxlength=\"400\" class=\"wpcf7-form-control wpcf7-text wpcf7-validates-as-required\" autocomplete=\"name\" aria-required=\"true\" aria-invalid=\"false\" value=\"\" type=\"text\" name=\"your-name\" \/><\/span> <\/label>\n<\/p>\n<p><label> Tu correo electr\u00f3nico<br \/>\n<span class=\"wpcf7-form-control-wrap\" data-name=\"your-email\"><input size=\"40\" maxlength=\"400\" class=\"wpcf7-form-control wpcf7-email wpcf7-validates-as-required wpcf7-text wpcf7-validates-as-email\" autocomplete=\"email\" aria-required=\"true\" aria-invalid=\"false\" value=\"\" type=\"email\" name=\"your-email\" \/><\/span> <\/label>\n<\/p>\n<p><label> Su mensaje<br \/>\n<span class=\"wpcf7-form-control-wrap\" data-name=\"your-message\"><textarea cols=\"40\" rows=\"10\" maxlength=\"2000\" class=\"wpcf7-form-control wpcf7-textarea wpcf7-validates-as-required\" aria-required=\"true\" aria-invalid=\"false\" name=\"your-message\"><\/textarea><\/span> <\/label>\n<\/p>\n<p><input class=\"wpcf7-form-control wpcf7-submit has-spinner\" type=\"submit\" value=\"Enviar\" \/>\n<\/p><div class=\"wpcf7-response-output\" aria-hidden=\"true\"><\/div>\n<\/form>\n<\/div>\n[\/vc_column][\/vc_row][vc_row css=\u00bb.vc_custom_1753712652574{background-color: #FFFAF0 !important;}\u00bb][vc_column]<div class=\"dfd-spacer-module\"  data-units=\"px\" data-wide_resolution=\"1280\" data-wide_size=\"100\" data-normal_resolution=\"1024\" data-normal_size=\"75\" data-tablet_resolution=\"800\" data-tablet_size=\"75\" data-mobile_resolution=\"480\" data-mobile_size=\"50\" style=\"height: 100px;\"><\/div>[\/vc_column][\/vc_row][vc_row dfd_row_config=\u00bbfull_width_content\u00bb][vc_column]<div class=\"dfd-gmap-module map_69de9dae60850 \" ><div id=\"map_69de9dae60850\" class=\"map-holder\"><\/div>\r\n\t\t\t\t\t<script type=\"text\/javascript\">\r\n\t\t\t\t\t\t(function($) {\r\n\t\t\t\t\t\t\t$(document).ready(function () {\r\n\t\t\t\t\t\t\t\t$(\"#map_69de9dae60850\").bind('gmap-reload', function() {\r\n\t\t\t\t\t\t\t\t\t\t gmap3_init();\r\n\t\t\t\t\t\t\t\t\t});\r\n\r\n\t\t\t\t\t\t\t\tgmap3_init();\r\n\r\n\t\t\t\t\t\t\t\tfunction gmap3_init() {\r\n\t\t\t\t\t\t\t\t\t$(\"#map_69de9dae60850\").gmap3('destroy');\r\n\r\n\t\t\t\t\t\t\t\t\t$(\"#map_69de9dae60850\").gmap3({\r\n\t\t\t\t\t\t\t\t\t\tmarker: {\r\n\t\t\t\t\t\t\t\t\t\t\tvalues: [{address: \" Route du Vallon 4, 1938 Champex d\u2019en Haut\" , data:\"Route du Vallon 4, 1938 Champex d\u2019en Haut\", options:{icon: \"https:\/\/lagrangechampex.ch\/wp-content\/uploads\/2025\/07\/marker.png\"}}],\r\n\t\t\t\t\t\t\t\t\t\t\tevents:{\r\n\t\t\t\t\t\t\t\t\t\t\t\tclick: function(marker, event, context){\r\n\t\t\t\t\t\t\t\t\t\t\t\t\tvar map = jQuery(this).gmap3(\"get\"),\r\n\t\t\t\t\t\t\t\t\t\t\t\t\t\tinfowindow = $(this).gmap3({get:{name:\"infowindow\"}});\r\n\t\t\t\t\t\t\t\t\t\t\t\t\tif (infowindow){\r\n\t\t\t\t\t\t\t\t\t\t\t\t\t\tinfowindow.open(map, marker);\r\n\t\t\t\t\t\t\t\t\t\t\t\t\t\tinfowindow.setContent('<div class=\"noscroll\">'+context.data+'<\/div>');\r\n\t\t\t\t\t\t\t\t\t\t\t\t\t} else {\r\n\t\t\t\t\t\t\t\t\t\t\t\t\t\t$(this).gmap3({\r\n\t\t\t\t\t\t\t\t\t\t\t\t\t\t\tinfowindow:{\r\n\t\t\t\t\t\t\t\t\t\t\t\t\t\t\t\tanchor:marker,\r\n\t\t\t\t\t\t\t\t\t\t\t\t\t\t\t\toptions:{content: '<div class=\"noscroll\">'+context.data+'<\/div>'}\r\n\t\t\t\t\t\t\t\t\t\t\t\t\t\t\t}\r\n\t\t\t\t\t\t\t\t\t\t\t\t\t\t});\r\n\t\t\t\t\t\t\t\t\t\t\t\t\t}\r\n\t\t\t\t\t\t\t\t\t\t\t\t}\r\n\t\t\t\t\t\t\t\t\t\t\t}\r\n\t\t\t\t\t\t\t\t\t\t},\r\n\t\t\t\t\t\t\t\t\tmap: {\r\n\t\t\t\t\t\t\t\t\t\toptions: {\r\n\t\t\t\t\t\t\t\t\t\t\tzoom: 13,\r\n\t\t\t\t\t\t\t\t\t\t\tzoomControl: true,styles:[{'featureType':'landscape','stylers':[{'saturation':-100},{'lightness':65},{'visibility':'on'}]},{'featureType':'poi','stylers':[{'saturation':-100},{'lightness':51},{'visibility':'simplified'}]},{'featureType':'road.highway','stylers':[{'saturation':-100},{'visibility':'simplified'}]},{'featureType':'road.arterial','stylers':[{'saturation':-100},{'lightness':30},{'visibility':'on'}]},{'featureType':'road.local','stylers':[{'saturation':-100},{'lightness':40},{'visibility':'on'}]},{'featureType':'transit','stylers':[{'saturation':-100},{'visibility':'simplified'}]},{'featureType':'administrative.province','stylers':[{'visibility':'off'}]},{'featureType':'water','elementType':'labels','stylers':[{'visibility':'on'},{'lightness':-25},{'saturation':-100}]},{'featureType':'water','elementType':'geometry','stylers':[{'hue':'#ffff00'},{'lightness':-25},{'saturation':-97}]}],scrollwheel: false,\r\n\t\t\t\t\t\t\t\t\t\t\tstreetViewControl: false,\r\n\t\t\t\t\t\t\t\t\t\t\tmapTypeControl: false\r\n\t\t\t\t\t\t\t\t\t\t}\r\n\t\t\t\t\t\t\t\t\t}\r\n\t\t\t\t\t\t\t\t});\r\n\t\t\t\t\t\t\t}\r\n\t\t\t\t\t\t});$(\"head\").append(\"<style>#map_69de9dae60850 {height: 600px;}<\/style>\");})(jQuery);\r\n\t\t\t\t<\/script><\/div><div class=\"dfd-spacer-module\"  data-units=\"px\" data-wide_resolution=\"1280\" data-wide_size=\"100\" data-normal_resolution=\"1024\" data-normal_size=\"75\" data-tablet_resolution=\"800\" data-tablet_size=\"75\" data-mobile_resolution=\"480\" data-mobile_size=\"50\" style=\"height: 100px;\"><\/div>[\/vc_column][\/vc_row]<\/p>\n<\/div>","protected":false},"excerpt":{"rendered":"<p>[vc_row][vc_column][\/vc_column][\/vc_row][vc_row][vc_column width=\u00bb7\/12&#8243;][vc_column_text css=\u00bb\u00bb]Daniel, originario de la zona, y Delphine le dan la bienvenida a este chalet que ha pasado de generaci\u00f3n en generaci\u00f3n durante tres generaciones. Nuestro apego a la<\/p>\n","protected":false},"author":1,"featured_media":0,"parent":0,"menu_order":0,"comment_status":"closed","ping_status":"closed","template":"page-custom-with-header.php","meta":{"footnotes":""},"class_list":["post-744","page","type-page","status-publish","hentry"],"yoast_head":"<!-- This site is optimized with the Yoast SEO plugin v27.3 - https:\/\/yoast.com\/product\/yoast-seo-wordpress\/ -->\n<title>Contacto - B&amp;B La Grange | Champex-Lac | Suisse<\/title>\n<meta name=\"robots\" content=\"index, follow, max-snippet:-1, max-image-preview:large, max-video-preview:-1\" \/>\n<link rel=\"canonical\" href=\"https:\/\/lagrangechampex.ch\/es\/contacto\/\" \/>\n<meta property=\"og:locale\" content=\"es_ES\" \/>\n<meta property=\"og:type\" content=\"article\" \/>\n<meta property=\"og:title\" content=\"Contacto - B&amp;B La Grange | Champex-Lac | Suisse\" \/>\n<meta property=\"og:description\" content=\"[vc_row][vc_column][\/vc_column][\/vc_row][vc_row][vc_column width=\u00bb7\/12&#8243;][vc_column_text css=\u00bb\u00bb]Daniel, originario de la zona, y Delphine le dan la bienvenida a este chalet que ha pasado de generaci\u00f3n en generaci\u00f3n durante tres generaciones. Nuestro apego a la\" \/>\n<meta property=\"og:url\" content=\"https:\/\/lagrangechampex.ch\/es\/contacto\/\" \/>\n<meta property=\"og:site_name\" content=\"B&amp;B La Grange | Champex-Lac | Suisse\" \/>\n<meta property=\"article:modified_time\" content=\"2025-10-15T06:19:34+00:00\" \/>\n<meta name=\"twitter:card\" content=\"summary_large_image\" \/>\n<meta name=\"twitter:label1\" content=\"Tiempo de lectura\" \/>\n\t<meta name=\"twitter:data1\" content=\"2 minutos\" \/>\n<script type=\"application\/ld+json\" class=\"yoast-schema-graph\">{\"@context\":\"https:\\\/\\\/schema.org\",\"@graph\":[{\"@type\":\"WebPage\",\"@id\":\"https:\\\/\\\/lagrangechampex.ch\\\/es\\\/contacto\\\/\",\"url\":\"https:\\\/\\\/lagrangechampex.ch\\\/es\\\/contacto\\\/\",\"name\":\"Contacto - B&amp;B La Grange | Champex-Lac | Suisse\",\"isPartOf\":{\"@id\":\"https:\\\/\\\/lagrangechampex.ch\\\/#website\"},\"datePublished\":\"2025-07-28T13:27:55+00:00\",\"dateModified\":\"2025-10-15T06:19:34+00:00\",\"breadcrumb\":{\"@id\":\"https:\\\/\\\/lagrangechampex.ch\\\/es\\\/contacto\\\/#breadcrumb\"},\"inLanguage\":\"es\",\"potentialAction\":[{\"@type\":\"ReadAction\",\"target\":[\"https:\\\/\\\/lagrangechampex.ch\\\/es\\\/contacto\\\/\"]}]},{\"@type\":\"BreadcrumbList\",\"@id\":\"https:\\\/\\\/lagrangechampex.ch\\\/es\\\/contacto\\\/#breadcrumb\",\"itemListElement\":[{\"@type\":\"ListItem\",\"position\":1,\"name\":\"Accueil\",\"item\":\"https:\\\/\\\/lagrangechampex.ch\\\/es\\\/\"},{\"@type\":\"ListItem\",\"position\":2,\"name\":\"Contacto\"}]},{\"@type\":\"WebSite\",\"@id\":\"https:\\\/\\\/lagrangechampex.ch\\\/#website\",\"url\":\"https:\\\/\\\/lagrangechampex.ch\\\/\",\"name\":\"B&amp;B La Grange | Champex-Lac | Suisse\",\"description\":\"\",\"potentialAction\":[{\"@type\":\"SearchAction\",\"target\":{\"@type\":\"EntryPoint\",\"urlTemplate\":\"https:\\\/\\\/lagrangechampex.ch\\\/?s={search_term_string}\"},\"query-input\":{\"@type\":\"PropertyValueSpecification\",\"valueRequired\":true,\"valueName\":\"search_term_string\"}}],\"inLanguage\":\"es\"}]}<\/script>\n<!-- \/ Yoast SEO plugin. -->","yoast_head_json":{"title":"Contacto - B&amp;B La Grange | Champex-Lac | Suisse","robots":{"index":"index","follow":"follow","max-snippet":"max-snippet:-1","max-image-preview":"max-image-preview:large","max-video-preview":"max-video-preview:-1"},"canonical":"https:\/\/lagrangechampex.ch\/es\/contacto\/","og_locale":"es_ES","og_type":"article","og_title":"Contacto - B&amp;B La Grange | Champex-Lac | Suisse","og_description":"[vc_row][vc_column][\/vc_column][\/vc_row][vc_row][vc_column width=\u00bb7\/12&#8243;][vc_column_text css=\u00bb\u00bb]Daniel, originario de la zona, y Delphine le dan la bienvenida a este chalet que ha pasado de generaci\u00f3n en generaci\u00f3n durante tres generaciones. Nuestro apego a la","og_url":"https:\/\/lagrangechampex.ch\/es\/contacto\/","og_site_name":"B&amp;B La Grange | Champex-Lac | Suisse","article_modified_time":"2025-10-15T06:19:34+00:00","twitter_card":"summary_large_image","twitter_misc":{"Tiempo de lectura":"2 minutos"},"schema":{"@context":"https:\/\/schema.org","@graph":[{"@type":"WebPage","@id":"https:\/\/lagrangechampex.ch\/es\/contacto\/","url":"https:\/\/lagrangechampex.ch\/es\/contacto\/","name":"Contacto - B&amp;B La Grange | Champex-Lac | Suisse","isPartOf":{"@id":"https:\/\/lagrangechampex.ch\/#website"},"datePublished":"2025-07-28T13:27:55+00:00","dateModified":"2025-10-15T06:19:34+00:00","breadcrumb":{"@id":"https:\/\/lagrangechampex.ch\/es\/contacto\/#breadcrumb"},"inLanguage":"es","potentialAction":[{"@type":"ReadAction","target":["https:\/\/lagrangechampex.ch\/es\/contacto\/"]}]},{"@type":"BreadcrumbList","@id":"https:\/\/lagrangechampex.ch\/es\/contacto\/#breadcrumb","itemListElement":[{"@type":"ListItem","position":1,"name":"Accueil","item":"https:\/\/lagrangechampex.ch\/es\/"},{"@type":"ListItem","position":2,"name":"Contacto"}]},{"@type":"WebSite","@id":"https:\/\/lagrangechampex.ch\/#website","url":"https:\/\/lagrangechampex.ch\/","name":"B&amp;B La Grange | Champex-Lac | Suisse","description":"","potentialAction":[{"@type":"SearchAction","target":{"@type":"EntryPoint","urlTemplate":"https:\/\/lagrangechampex.ch\/?s={search_term_string}"},"query-input":{"@type":"PropertyValueSpecification","valueRequired":true,"valueName":"search_term_string"}}],"inLanguage":"es"}]}},"_links":{"self":[{"href":"https:\/\/lagrangechampex.ch\/es\/wp-json\/wp\/v2\/pages\/744","targetHints":{"allow":["GET"]}}],"collection":[{"href":"https:\/\/lagrangechampex.ch\/es\/wp-json\/wp\/v2\/pages"}],"about":[{"href":"https:\/\/lagrangechampex.ch\/es\/wp-json\/wp\/v2\/types\/page"}],"author":[{"embeddable":true,"href":"https:\/\/lagrangechampex.ch\/es\/wp-json\/wp\/v2\/users\/1"}],"replies":[{"embeddable":true,"href":"https:\/\/lagrangechampex.ch\/es\/wp-json\/wp\/v2\/comments?post=744"}],"version-history":[{"count":5,"href":"https:\/\/lagrangechampex.ch\/es\/wp-json\/wp\/v2\/pages\/744\/revisions"}],"predecessor-version":[{"id":822,"href":"https:\/\/lagrangechampex.ch\/es\/wp-json\/wp\/v2\/pages\/744\/revisions\/822"}],"wp:attachment":[{"href":"https:\/\/lagrangechampex.ch\/es\/wp-json\/wp\/v2\/media?parent=744"}],"curies":[{"name":"wp","href":"https:\/\/api.w.org\/{rel}","templated":true}]}}